    {"id":33606,"date":"2025-12-03T09:01:36","date_gmt":"2025-12-03T09:01:36","guid":{"rendered":"https:\/\/puretronwater.com\/staging\/?post_type=product&#038;p=33606"},"modified":"2026-03-04T08:49:06","modified_gmt":"2026-03-04T08:49:06","slug":"cck-inline-4-lu-filtre-seti-membran","status":"publish","type":"product","link":"https:\/\/puretronwater.com\/staging\/urun\/cck-inline-4-lu-filtre-seti-membran\/","title":{"rendered":"cck inline 5 li inline  filtre seti Membran Dahil"},"content":{"rendered":"","protected":false},"excerpt":{"rendered":"<p>cck inline 4 l\u00fc set + membran filtre<\/p>\n<p>se\u00e7ime ba\u011fl\u0131 olarak\u00a0 Filmtec bw60 veya vontron ulp 75 gpd<\/p>\n<p>12 inch sediment<br \/>\n12 inch gac<br \/>\n12 inch gac<br \/>\n10 inch post karbon filtre<\/p>\n","protected":false},"featured_media":34229,"comment_status":"open","ping_status":"closed","template":"","meta":[],"product_brand":[],"product_cat":[96,283],"product_tag":[],"class_list":{"0":"post-33606","1":"product","2":"type-product","3":"status-publish","4":"has-post-thumbnail","6":"product_cat-filtre-setleri","7":"product_cat-in-line-takim-filtreler-kapali-kasa-icin","9":"first","10":"instock","11":"shipping-taxable","12":"purchasable","13":"product-type-variable"},"_links":{"self":[{"href":"https:\/\/puretronwater.com\/staging\/wp-json\/wp\/v2\/product\/33606","targetHints":{"allow":["GET"]}}],"collection":[{"href":"https:\/\/puretronwater.com\/staging\/wp-json\/wp\/v2\/product"}],"about":[{"href":"https:\/\/puretronwater.com\/staging\/wp-json\/wp\/v2\/types\/product"}],"replies":[{"embeddable":true,"href":"https:\/\/puretronwater.com\/staging\/wp-json\/wp\/v2\/comments?post=33606"}],"version-history":[{"count":2,"href":"https:\/\/puretronwater.com\/staging\/wp-json\/wp\/v2\/product\/33606\/revisions"}],"predecessor-version":[{"id":34661,"href":"https:\/\/puretronwater.com\/staging\/wp-json\/wp\/v2\/product\/33606\/revisions\/34661"}],"wp:featuredmedia":[{"embeddable":true,"href":"https:\/\/puretronwater.com\/staging\/wp-json\/wp\/v2\/media\/34229"}],"wp:attachment":[{"href":"https:\/\/puretronwater.com\/staging\/wp-json\/wp\/v2\/media?parent=33606"}],"wp:term":[{"taxonomy":"product_brand","embeddable":true,"href":"https:\/\/puretronwater.com\/staging\/wp-json\/wp\/v2\/product_brand?post=33606"},{"taxonomy":"product_cat","embeddable":true,"href":"https:\/\/puretronwater.com\/staging\/wp-json\/wp\/v2\/product_cat?post=33606"},{"taxonomy":"product_tag","embeddable":true,"href":"https:\/\/puretronwater.com\/staging\/wp-json\/wp\/v2\/product_tag?post=33606"}],"curies":[{"name":"wp","href":"https:\/\/api.w.org\/{rel}","templated":true}]}}