    {"id":25774,"date":"2023-03-09T08:08:35","date_gmt":"2023-03-09T08:08:35","guid":{"rendered":"https:\/\/puretronwater.com\/staging\/?post_type=product&#038;p=25774"},"modified":"2026-02-18T06:51:27","modified_gmt":"2026-02-18T06:51:27","slug":"swun-chyan-inline-cto-filtre","status":"publish","type":"product","link":"https:\/\/puretronwater.com\/staging\/urun\/swun-chyan-inline-cto-filtre\/","title":{"rendered":"Swun Chyan Inline CTO Filtre"},"content":{"rendered":"","protected":false},"excerpt":{"rendered":"<p>Swun Chyan inline CTO karbon blok filtre, sudaki klor, trihalometan ve organik kirleticileri giderir. Kompakt in-line tasar\u0131m\u0131yla su ar\u0131tma cihazlar\u0131na kolayca entegre edilir.<\/p>\n","protected":false},"featured_media":25775,"comment_status":"open","ping_status":"closed","template":"","meta":[],"product_brand":[],"product_cat":[94],"product_tag":[],"class_list":{"0":"post-25774","1":"product","2":"type-product","3":"status-publish","4":"has-post-thumbnail","6":"product_cat-tek-filtreler","8":"first","9":"instock","10":"shipping-taxable","11":"purchasable","12":"product-type-simple"},"_links":{"self":[{"href":"https:\/\/puretronwater.com\/staging\/wp-json\/wp\/v2\/product\/25774","targetHints":{"allow":["GET"]}}],"collection":[{"href":"https:\/\/puretronwater.com\/staging\/wp-json\/wp\/v2\/product"}],"about":[{"href":"https:\/\/puretronwater.com\/staging\/wp-json\/wp\/v2\/types\/product"}],"replies":[{"embeddable":true,"href":"https:\/\/puretronwater.com\/staging\/wp-json\/wp\/v2\/comments?post=25774"}],"version-history":[{"count":0,"href":"https:\/\/puretronwater.com\/staging\/wp-json\/wp\/v2\/product\/25774\/revisions"}],"wp:featuredmedia":[{"embeddable":true,"href":"https:\/\/puretronwater.com\/staging\/wp-json\/wp\/v2\/media\/25775"}],"wp:attachment":[{"href":"https:\/\/puretronwater.com\/staging\/wp-json\/wp\/v2\/media?parent=25774"}],"wp:term":[{"taxonomy":"product_brand","embeddable":true,"href":"https:\/\/puretronwater.com\/staging\/wp-json\/wp\/v2\/product_brand?post=25774"},{"taxonomy":"product_cat","embeddable":true,"href":"https:\/\/puretronwater.com\/staging\/wp-json\/wp\/v2\/product_cat?post=25774"},{"taxonomy":"product_tag","embeddable":true,"href":"https:\/\/puretronwater.com\/staging\/wp-json\/wp\/v2\/product_tag?post=25774"}],"curies":[{"name":"wp","href":"https:\/\/api.w.org\/{rel}","templated":true}]}}