    {"id":25770,"date":"2023-03-09T08:02:06","date_gmt":"2023-03-09T08:02:06","guid":{"rendered":"https:\/\/puretronwater.com\/staging\/?post_type=product&#038;p=25770"},"modified":"2026-02-18T06:51:27","modified_gmt":"2026-02-18T06:51:27","slug":"swun-chyan-inline-sediment-filtre","status":"publish","type":"product","link":"https:\/\/puretronwater.com\/staging\/urun\/swun-chyan-inline-sediment-filtre\/","title":{"rendered":"Swun Chyan Inline Sediment Filtre"},"content":{"rendered":"","protected":false},"excerpt":{"rendered":"<p>Swun Chyan inline sediment filtre, sudaki kat\u0131 par\u00e7ac\u0131klar\u0131 ve tortuyu filtreler. 10 in\u00e7 in-line tasar\u0131m\u0131yla su ar\u0131tma cihazlar\u0131n\u0131n \u00f6n filtresi olarak idealdir.<\/p>\n","protected":false},"featured_media":25771,"comment_status":"open","ping_status":"closed","template":"","meta":[],"product_brand":[],"product_cat":[94],"product_tag":[],"class_list":{"0":"post-25770","1":"product","2":"type-product","3":"status-publish","4":"has-post-thumbnail","6":"product_cat-tek-filtreler","8":"first","9":"instock","10":"shipping-taxable","11":"purchasable","12":"product-type-simple"},"_links":{"self":[{"href":"https:\/\/puretronwater.com\/staging\/wp-json\/wp\/v2\/product\/25770","targetHints":{"allow":["GET"]}}],"collection":[{"href":"https:\/\/puretronwater.com\/staging\/wp-json\/wp\/v2\/product"}],"about":[{"href":"https:\/\/puretronwater.com\/staging\/wp-json\/wp\/v2\/types\/product"}],"replies":[{"embeddable":true,"href":"https:\/\/puretronwater.com\/staging\/wp-json\/wp\/v2\/comments?post=25770"}],"version-history":[{"count":0,"href":"https:\/\/puretronwater.com\/staging\/wp-json\/wp\/v2\/product\/25770\/revisions"}],"wp:featuredmedia":[{"embeddable":true,"href":"https:\/\/puretronwater.com\/staging\/wp-json\/wp\/v2\/media\/25771"}],"wp:attachment":[{"href":"https:\/\/puretronwater.com\/staging\/wp-json\/wp\/v2\/media?parent=25770"}],"wp:term":[{"taxonomy":"product_brand","embeddable":true,"href":"https:\/\/puretronwater.com\/staging\/wp-json\/wp\/v2\/product_brand?post=25770"},{"taxonomy":"product_cat","embeddable":true,"href":"https:\/\/puretronwater.com\/staging\/wp-json\/wp\/v2\/product_cat?post=25770"},{"taxonomy":"product_tag","embeddable":true,"href":"https:\/\/puretronwater.com\/staging\/wp-json\/wp\/v2\/product_tag?post=25770"}],"curies":[{"name":"wp","href":"https:\/\/api.w.org\/{rel}","templated":true}]}}