    {"id":23219,"date":"2020-12-08T09:33:50","date_gmt":"2020-12-08T09:33:50","guid":{"rendered":"https:\/\/puretronwater.com\/staging\/?post_type=product&#038;p=23219"},"modified":"2026-03-01T06:42:39","modified_gmt":"2026-03-01T06:42:39","slug":"joy-swan-aritmali-dus-basligi-filtresi","status":"publish","type":"product","link":"https:\/\/puretronwater.com\/staging\/urun\/joy-swan-aritmali-dus-basligi-filtresi\/","title":{"rendered":"Joy Swan Ar\u0131tmal\u0131 Du\u015f Ba\u015fl\u0131\u011f\u0131 Filtresi"},"content":{"rendered":"<div><b><span style=\"font-family: Garamond; font-size: large;\">Yeni Fiber Aktif Filtreleme Teknolojisi<\/span><\/b><\/div>\n<div><span style=\"font-family: Garamond; font-size: large;\">Sudaki klor, a\u011f\u0131r metal, bakteri ve vir\u00fcsleri filtreler.<\/span><\/div>\n<div><span style=\"font-family: Garamond; font-size: large;\">Japonya&#8217;dan ithal \u00fcr\u00fcn.<\/span><\/div>\n<div><b><span style=\"font-family: Garamond; font-size: large;\">\u00a0<\/span><\/b><\/div>\n<div><b><span style=\"font-family: Garamond; font-size: large;\">Klora Maruz Kalmay\u0131n<\/span><\/b><\/div>\n<div><span style=\"font-family: Garamond; font-size: large;\">Sa\u00e7larda kuruluk ve k\u0131r\u0131lmaya yol a\u00e7ar, sa\u00e7 d\u00f6k\u00fclmesini h\u0131zland\u0131r\u0131r.\u00a0<\/span><\/div>\n<div><span style=\"font-family: Garamond; font-size: large;\">Teninizi solgunla\u015ft\u0131r\u0131r, ciltte kuruluk ve d\u00f6k\u00fcnt\u00fclere yol a\u00e7ar.<\/span><\/div>\n<div><span style=\"font-family: Garamond; font-size: large;\">Cildinizin sarkmas\u0131na ve oldu\u011fundan daha ya\u015fl\u0131 g\u00f6r\u00fcnmesini sa\u011flar.\u00a0<\/span><\/div>\n<div><span style=\"font-family: Garamond; font-size: large;\">\u00a0<\/span><\/div>\n<div>\n<div><i>G\u00fcvenlik Denetimi Japon G\u0131da Ara\u015ft\u0131rma Laboratuvarlar\u0131 Taraf\u0131ndan Onaylanm\u0131\u015ft\u0131r<\/i><\/div>\n<div><i>\u00a0<\/i><\/div>\n<div><i>Bu \u00fcr\u00fcn Joy Swan Ar\u0131tmal\u0131 Du\u015f Ba\u015fl\u0131\u011f\u0131 tak\u0131m\u0131na uygundur.<b>\u00a0<\/b><\/i><\/div>\n<div><img loading=\"lazy\" decoding=\"async\" class=\"alignnone size-full wp-image-23221\" src=\"https:\/\/puretronwater.com\/staging\/wp-content\/uploads\/2020\/12\/1.jpg\" alt=\"\" width=\"1000\" height=\"1000\" title=\"\" srcset=\"https:\/\/puretronwater.com\/staging\/wp-content\/uploads\/2020\/12\/1.jpg 1000w, https:\/\/puretronwater.com\/staging\/wp-content\/uploads\/2020\/12\/1-600x600.jpg 600w, https:\/\/puretronwater.com\/staging\/wp-content\/uploads\/2020\/12\/1-150x150.jpg 150w, https:\/\/puretronwater.com\/staging\/wp-content\/uploads\/2020\/12\/1-300x300.jpg 300w, https:\/\/puretronwater.com\/staging\/wp-content\/uploads\/2020\/12\/1-768x768.jpg 768w, https:\/\/puretronwater.com\/staging\/wp-content\/uploads\/2020\/12\/1-640x640.jpg 640w, https:\/\/puretronwater.com\/staging\/wp-content\/uploads\/2020\/12\/1-400x400.jpg 400w, https:\/\/puretronwater.com\/staging\/wp-content\/uploads\/2020\/12\/1-560x560.jpg 560w, https:\/\/puretronwater.com\/staging\/wp-content\/uploads\/2020\/12\/1-367x367.jpg 367w, https:\/\/puretronwater.com\/staging\/wp-content\/uploads\/2020\/12\/1-85x85.jpg 85w, https:\/\/puretronwater.com\/staging\/wp-content\/uploads\/2020\/12\/1-32x32.jpg 32w\" sizes=\"auto, (max-width: 1000px) 100vw, 1000px\" \/><\/div>\n<\/div>\n","protected":false},"excerpt":{"rendered":"<p>Yeni Fiber Aktif Filtreleme Teknolojisi Sudaki klor, a\u011f\u0131r metal, bakteri ve vir\u00fcsleri filtreler. Japonya&#8217;dan ithal \u00fcr\u00fcn. \u00a0 Klora Maruz Kalmay\u0131n<\/p>\n","protected":false},"featured_media":23220,"comment_status":"open","ping_status":"closed","template":"","meta":[],"product_brand":[],"product_cat":[135,95],"product_tag":[],"class_list":{"0":"post-23219","1":"product","2":"type-product","3":"status-publish","4":"has-post-thumbnail","6":"product_cat-aritmali-dus-basligi-joy-swan","7":"product_cat-yedek-parcalar","9":"first","10":"instock","11":"shipping-taxable","12":"purchasable","13":"product-type-simple"},"_links":{"self":[{"href":"https:\/\/puretronwater.com\/staging\/wp-json\/wp\/v2\/product\/23219","targetHints":{"allow":["GET"]}}],"collection":[{"href":"https:\/\/puretronwater.com\/staging\/wp-json\/wp\/v2\/product"}],"about":[{"href":"https:\/\/puretronwater.com\/staging\/wp-json\/wp\/v2\/types\/product"}],"replies":[{"embeddable":true,"href":"https:\/\/puretronwater.com\/staging\/wp-json\/wp\/v2\/comments?post=23219"}],"version-history":[{"count":1,"href":"https:\/\/puretronwater.com\/staging\/wp-json\/wp\/v2\/product\/23219\/revisions"}],"predecessor-version":[{"id":34420,"href":"https:\/\/puretronwater.com\/staging\/wp-json\/wp\/v2\/product\/23219\/revisions\/34420"}],"wp:featuredmedia":[{"embeddable":true,"href":"https:\/\/puretronwater.com\/staging\/wp-json\/wp\/v2\/media\/23220"}],"wp:attachment":[{"href":"https:\/\/puretronwater.com\/staging\/wp-json\/wp\/v2\/media?parent=23219"}],"wp:term":[{"taxonomy":"product_brand","embeddable":true,"href":"https:\/\/puretronwater.com\/staging\/wp-json\/wp\/v2\/product_brand?post=23219"},{"taxonomy":"product_cat","embeddable":true,"href":"https:\/\/puretronwater.com\/staging\/wp-json\/wp\/v2\/product_cat?post=23219"},{"taxonomy":"product_tag","embeddable":true,"href":"https:\/\/puretronwater.com\/staging\/wp-json\/wp\/v2\/product_tag?post=23219"}],"curies":[{"name":"wp","href":"https:\/\/api.w.org\/{rel}","templated":true}]}}