    {"id":2063,"date":"2020-10-21T10:09:06","date_gmt":"2020-10-21T10:09:06","guid":{"rendered":"https:\/\/deneme.puretronwater.com\/product\/import-placeholder-for-21803\/"},"modified":"2026-03-05T06:49:53","modified_gmt":"2026-03-05T06:49:53","slug":"made-in-usa-5-li-filtre-seti-alkali-filtreli","status":"publish","type":"product","link":"https:\/\/puretronwater.com\/staging\/urun\/made-in-usa-5-li-filtre-seti-alkali-filtreli\/","title":{"rendered":"MADE IN USA 5 li Filtre Seti Alkali Filtreli"},"content":{"rendered":"<p>Purtrex px05-9 7\/8 5 Mikron Sediment Filtre<br \/>\nOmnipure OCB934RO GAC Filtre<br \/>\nMatrikx CTO Filtre<br \/>\nOmnipure CL 10 RO Post Karbon Filtre<br \/>\n<strong>3 farkl\u0131 Alkali Filtre Se\u00e7ene\u011fi:<\/strong> Biocera A.A filtre \/ Omnipure K2551 CC \/ Pentek GS 10 Cal<\/p>\n<p>&nbsp;<\/p>\n<h2><span style=\"color: #ff0000;\">X-MASTER VE D\u0130\u011eER HOUS\u0130NG S\u0130STEML\u0130 T\u00dcM C\u0130HAZLARA UYUMLUDUR<\/span><\/h2>\n<p><a href=\"https:\/\/info.nsf.org\/Certified\/DWTU\/Listings.asp?Company=34390&amp;Standard=042\" target=\"_blank\" rel=\"noopener\"><img loading=\"lazy\" decoding=\"async\" class=\"aligncenter size-large wp-image-21710\" src=\"https:\/\/puretronwater.com\/staging\/wp-content\/uploads\/2020\/07\/OMNIPURE-GAC-FILTRE-NSF-1024x239.png\" alt=\"\" width=\"840\" height=\"196\" title=\"\"><\/a><a href=\"https:\/\/info.nsf.org\/Certified\/DWTU\/Listings.asp?Company=34390&amp;Standard=042\" target=\"_blank\" rel=\"noopener\"><img loading=\"lazy\" decoding=\"async\" class=\"aligncenter size-large wp-image-21709\" src=\"https:\/\/puretronwater.com\/staging\/wp-content\/uploads\/2020\/07\/OMNIPURE-CL10-ROL-FILTRE-NSF-1024x239.png\" alt=\"\" width=\"840\" height=\"196\" title=\"\"><\/a><a href=\"https:\/\/info.nsf.org\/Certified\/DWTU\/Listings.asp?Company=3S670&amp;Standard=042\" target=\"_blank\" rel=\"noopener\"><img loading=\"lazy\" decoding=\"async\" class=\"aligncenter size-large wp-image-21705\" src=\"https:\/\/puretronwater.com\/staging\/wp-content\/uploads\/2020\/07\/BIOCERA-FILTRE-NSF-1024x239.png\" alt=\"\" width=\"840\" height=\"196\" title=\"\"><\/a><a href=\"http:\/\/info.nsf.org\/Certified\/PwsComponents\/Listings.asp?Company=56220&amp;Standard=061\" target=\"_blank\" rel=\"noopener\"><img loading=\"lazy\" decoding=\"async\" class=\"aligncenter size-large wp-image-21711\" src=\"https:\/\/puretronwater.com\/staging\/wp-content\/uploads\/2020\/07\/PURTREX-SEDIMENT-FILTRE-NSF-1024x239.png\" alt=\"\" width=\"840\" height=\"196\" title=\"\"><\/a><\/p>\n","protected":false},"excerpt":{"rendered":"<p>Purtrex px05-9 7\/8 5 Mikron Sediment Filtre Omnipure OCB934RO GAC Filtre Matrikx CTO Filtre Omnipure CL 10 RO Post Karbon<\/p>\n","protected":false},"featured_media":25165,"comment_status":"open","ping_status":"closed","template":"","meta":[],"product_brand":[],"product_cat":[96,281],"product_tag":[],"class_list":{"0":"post-2063","1":"product","2":"type-product","3":"status-publish","4":"has-post-thumbnail","6":"product_cat-filtre-setleri","7":"product_cat-housing-acik-sitem-takim-filtreler","9":"first","10":"instock","11":"shipping-taxable","12":"purchasable","13":"product-type-variable"},"_links":{"self":[{"href":"https:\/\/puretronwater.com\/staging\/wp-json\/wp\/v2\/product\/2063","targetHints":{"allow":["GET"]}}],"collection":[{"href":"https:\/\/puretronwater.com\/staging\/wp-json\/wp\/v2\/product"}],"about":[{"href":"https:\/\/puretronwater.com\/staging\/wp-json\/wp\/v2\/types\/product"}],"replies":[{"embeddable":true,"href":"https:\/\/puretronwater.com\/staging\/wp-json\/wp\/v2\/comments?post=2063"}],"version-history":[{"count":1,"href":"https:\/\/puretronwater.com\/staging\/wp-json\/wp\/v2\/product\/2063\/revisions"}],"predecessor-version":[{"id":34675,"href":"https:\/\/puretronwater.com\/staging\/wp-json\/wp\/v2\/product\/2063\/revisions\/34675"}],"wp:featuredmedia":[{"embeddable":true,"href":"https:\/\/puretronwater.com\/staging\/wp-json\/wp\/v2\/media\/25165"}],"wp:attachment":[{"href":"https:\/\/puretronwater.com\/staging\/wp-json\/wp\/v2\/media?parent=2063"}],"wp:term":[{"taxonomy":"product_brand","embeddable":true,"href":"https:\/\/puretronwater.com\/staging\/wp-json\/wp\/v2\/product_brand?post=2063"},{"taxonomy":"product_cat","embeddable":true,"href":"https:\/\/puretronwater.com\/staging\/wp-json\/wp\/v2\/product_cat?post=2063"},{"taxonomy":"product_tag","embeddable":true,"href":"https:\/\/puretronwater.com\/staging\/wp-json\/wp\/v2\/product_tag?post=2063"}],"curies":[{"name":"wp","href":"https:\/\/api.w.org\/{rel}","templated":true}]}}