    {"id":2001,"date":"2020-10-21T09:58:00","date_gmt":"2020-10-21T09:58:00","guid":{"rendered":"https:\/\/deneme.puretronwater.com\/product\/import-placeholder-for-20743\/"},"modified":"2026-02-17T21:03:14","modified_gmt":"2026-02-17T21:03:14","slug":"omnipure-ocb934ro-gac-filtre-10-inch-housing-sistemler-icin","status":"publish","type":"product","link":"https:\/\/puretronwater.com\/staging\/urun\/omnipure-ocb934ro-gac-filtre-10-inch-housing-sistemler-icin\/","title":{"rendered":"Omnipure OCB934RO GAC filtre 10 inch housing sistemler i\u00e7in"},"content":{"rendered":"","protected":false},"excerpt":{"rendered":"<ul>\n<li><strong>Omn\u0131pure<\/strong>\u00a0<strong>OCB934ROT-33 gac filtresi bilinen en g\u00fcvenli filtredir.ABD \u00fcretimi olan bu filtre 5000 gallon(20000)litre kullan\u0131m \u00f6mr\u00fcne sahiptir.<\/strong><\/li>\n<li><strong>Omnipure OCB934ROT-33 GAC F\u0130LTRES\u0130<\/strong><\/li>\n<li>Klor<\/li>\n<li>Klor Yan \u00dcr\u00fcnleri \u2013 Trihalometanlar (THM\u2019ler): Kanserojen oldu\u011fundan \u015f\u00fcphelenilen bir grup organik kimyasal.<\/li>\n<li>K\u00f6t\u00fc Tatlar ve Kokular<\/li>\n<li>Bulan\u0131kl\u0131k (Bulutlu Su)<\/li>\n<li>Herbisitler, B\u00f6cek \u0130lac\u0131 ve B\u00f6cek \u00f6ld\u00fcr\u00fcc\u00fc ila\u00e7lar<\/li>\n<li>U\u00e7ucu Organik Kimyasallar (VOC): Buhara d\u00f6n\u00fc\u015fen organik kimyasallar.<\/li>\n<\/ul>\n","protected":false},"featured_media":2057,"comment_status":"closed","ping_status":"closed","template":"","meta":[],"product_brand":[],"product_cat":[94],"product_tag":[],"class_list":{"0":"post-2001","1":"product","2":"type-product","3":"status-publish","4":"has-post-thumbnail","6":"product_cat-tek-filtreler","8":"first","9":"instock","10":"shipping-taxable","11":"purchasable","12":"product-type-simple"},"_links":{"self":[{"href":"https:\/\/puretronwater.com\/staging\/wp-json\/wp\/v2\/product\/2001","targetHints":{"allow":["GET"]}}],"collection":[{"href":"https:\/\/puretronwater.com\/staging\/wp-json\/wp\/v2\/product"}],"about":[{"href":"https:\/\/puretronwater.com\/staging\/wp-json\/wp\/v2\/types\/product"}],"replies":[{"embeddable":true,"href":"https:\/\/puretronwater.com\/staging\/wp-json\/wp\/v2\/comments?post=2001"}],"version-history":[{"count":0,"href":"https:\/\/puretronwater.com\/staging\/wp-json\/wp\/v2\/product\/2001\/revisions"}],"wp:featuredmedia":[{"embeddable":true,"href":"https:\/\/puretronwater.com\/staging\/wp-json\/wp\/v2\/media\/2057"}],"wp:attachment":[{"href":"https:\/\/puretronwater.com\/staging\/wp-json\/wp\/v2\/media?parent=2001"}],"wp:term":[{"taxonomy":"product_brand","embeddable":true,"href":"https:\/\/puretronwater.com\/staging\/wp-json\/wp\/v2\/product_brand?post=2001"},{"taxonomy":"product_cat","embeddable":true,"href":"https:\/\/puretronwater.com\/staging\/wp-json\/wp\/v2\/product_cat?post=2001"},{"taxonomy":"product_tag","embeddable":true,"href":"https:\/\/puretronwater.com\/staging\/wp-json\/wp\/v2\/product_tag?post=2001"}],"curies":[{"name":"wp","href":"https:\/\/api.w.org\/{rel}","templated":true}]}}