    {"id":1045,"date":"2018-03-01T02:24:52","date_gmt":"2018-03-01T02:24:52","guid":{"rendered":"http:\/\/sw-themes.com\/porto_dummy\/?page_id=1045"},"modified":"2026-02-17T21:17:42","modified_gmt":"2026-02-17T21:17:42","slug":"hakkimizda","status":"publish","type":"page","link":"https:\/\/puretronwater.com\/staging\/hakkimizda\/","title":{"rendered":"Hakk\u0131m\u0131zda"},"content":{"rendered":"<p>[vc_row wrap_container=&#8221;yes&#8221; text_align=&#8221;center&#8221; css=&#8221;.vc_custom_1519871900664{padding-top: 50px !important;padding-bottom: 20px !important;}&#8221;][vc_column offset=&#8221;vc_col-lg-offset-2 vc_col-lg-8 vc_col-md-offset-1 vc_col-md-10&#8243;][vc_column_text]<strong>Puretron Water T\u00fcrkiye Su Ar\u0131tmay\u0131 Yeniden \u015eekillendiriyor<\/strong><\/p>\n<p>1984 y\u0131l\u0131ndan itibaren D\u00fcnya\u2019n\u0131n 32 \u00fclkesinde kullan\u0131lan Puretron Su Ar\u0131tma sistemleri \u015fimdi T\u00fcrkiye\u2019de Puretron garantisiyle sizlerle bulu\u015fuyor. Su end\u00fcstrisi i\u00e7in en yenilik\u00e7i, en iyi \u00fcr\u00fcn ve ekipmanlar\u0131yla sa\u011fl\u0131\u011f\u0131 su ile bulu\u015fturan Puretron Su Ar\u0131tma sistemleri, dolumu yap\u0131l\u0131rken hijyen a\u015famalar\u0131n\u0131 bilmedi\u011finiz damacana sular\u0131 yerine, evinizde her an g\u00fcvenle i\u00e7ebilece\u011finiz suyun en hassas ve temiz halini sizlere sunuyor.<\/p>\n<p>&nbsp;[\/vc_column_text][\/vc_column][\/vc_row]<\/p>\n","protected":false},"excerpt":{"rendered":"<p>[vc_row wrap_container=&#8221;yes&#8221; text_align=&#8221;center&#8221; css=&#8221;.vc_custom_1519871900664{padding-top: 50px !important;padding-bottom: 20px !important;}&#8221;][vc_column offset=&#8221;vc_col-lg-offset-2 vc_col-lg-8 vc_col-md-offset-1 vc_col-md-10&#8243;][vc_column_text]Puretron Water T\u00fcrkiye Su Ar\u0131tmay\u0131 Yeniden \u015eekillendiriyor 1984 y\u0131l\u0131ndan<\/p>\n","protected":false},"author":1,"featured_media":0,"parent":0,"menu_order":0,"comment_status":"closed","ping_status":"closed","template":"","meta":{"footnotes":""},"class_list":["post-1045","page","type-page","status-publish","hentry"],"_links":{"self":[{"href":"https:\/\/puretronwater.com\/staging\/wp-json\/wp\/v2\/pages\/1045","targetHints":{"allow":["GET"]}}],"collection":[{"href":"https:\/\/puretronwater.com\/staging\/wp-json\/wp\/v2\/pages"}],"about":[{"href":"https:\/\/puretronwater.com\/staging\/wp-json\/wp\/v2\/types\/page"}],"author":[{"embeddable":true,"href":"https:\/\/puretronwater.com\/staging\/wp-json\/wp\/v2\/users\/1"}],"replies":[{"embeddable":true,"href":"https:\/\/puretronwater.com\/staging\/wp-json\/wp\/v2\/comments?post=1045"}],"version-history":[{"count":0,"href":"https:\/\/puretronwater.com\/staging\/wp-json\/wp\/v2\/pages\/1045\/revisions"}],"wp:attachment":[{"href":"https:\/\/puretronwater.com\/staging\/wp-json\/wp\/v2\/media?parent=1045"}],"curies":[{"name":"wp","href":"https:\/\/api.w.org\/{rel}","templated":true}]}}